{"id":26,"date":"2016-03-11T15:56:04","date_gmt":"2016-03-11T14:56:04","guid":{"rendered":"http:\/\/www.cvs.fr\/?page_id=26"},"modified":"2016-11-15T16:34:22","modified_gmt":"2016-11-15T15:34:22","slug":"nos-savoir-faire","status":"publish","type":"page","link":"https:\/\/www.cvs.fr\/index.php\/nos-savoir-faire\/","title":{"rendered":"NOS SAVOIR-FAIRE"},"content":{"rendered":"[spb_icon_box title=\u00a0\u00bbNos savoir-faire diff\u00e9renciateurs\u00a0\u00bb box_type=\u00a0\u00bbanimated\u00a0\u00bb image=\u00a0\u00bbss-key\u00a0\u00bb color=\u00a0\u00bbstandard\u00a0\u00bb target=\u00a0\u00bb_self\u00a0\u00bb animation=\u00a0\u00bbnone\u00a0\u00bb animation_delay=\u00a0\u00bb0&Prime; width=\u00a0\u00bb1\/2&Prime; el_position=\u00a0\u00bbfirst\u00a0\u00bb]\n<p>CVS\u00a0con\u00e7oit et int\u00e8gre des syst\u00e8mes <strong>Cl\u00e9 en main<\/strong> qui\u00a0respectent un juste \u00e9quilibre entre les imp\u00e9ratifs financiers et les contraintes techniques technologiques.<\/p>\n<p>Pour atteindre ces objectifs, <strong>CVS Ing\u00e9nierie et Int\u00e9gration Audiovisuelles<\/strong> a d\u00e9velopp\u00e9 une m\u00e9thodologie li\u00e9e au m\u00e9tier d&rsquo;Int\u00e9grateur. Les moyens adapt\u00e9s mis en oeuvre s&rsquo;appliquent aux nouvelles technologies du monde audiovisuel professionnel.<\/p>\n[\/spb_icon_box] [spb_single_image image=\u00a0\u00bb433&Prime; image_size=\u00a0\u00bbfull\u00a0\u00bb frame=\u00a0\u00bbglowframe\u00a0\u00bb intro_animation=\u00a0\u00bbnone\u00a0\u00bb full_width=\u00a0\u00bbno\u00a0\u00bb lightbox=\u00a0\u00bbno\u00a0\u00bb link_target=\u00a0\u00bb_self\u00a0\u00bb width=\u00a0\u00bb1\/2&Prime; el_position=\u00a0\u00bblast\u00a0\u00bb] [spb_single_image image=\u00a0\u00bb442&Prime; image_size=\u00a0\u00bbfull\u00a0\u00bb frame=\u00a0\u00bbglowframe\u00a0\u00bb intro_animation=\u00a0\u00bbnone\u00a0\u00bb full_width=\u00a0\u00bbno\u00a0\u00bb lightbox=\u00a0\u00bbno\u00a0\u00bb link_target=\u00a0\u00bb_self\u00a0\u00bb width=\u00a0\u00bb1\/2&Prime; el_position=\u00a0\u00bbfirst\u00a0\u00bb] [spb_icon_box title=\u00a0\u00bbLe conseil, l&rsquo;expertise et la cr\u00e9ativit\u00e9\u00a0\u00bb box_type=\u00a0\u00bbanimated\u00a0\u00bb image=\u00a0\u00bbfa-commenting-o\u00a0\u00bb color=\u00a0\u00bbstandard\u00a0\u00bb target=\u00a0\u00bb_self\u00a0\u00bb animation=\u00a0\u00bbhelix\u00a0\u00bb animation_delay=\u00a0\u00bb0&Prime; width=\u00a0\u00bb1\/2&Prime; el_position=\u00a0\u00bblast\u00a0\u00bb]\n<p>Le r\u00f4le de CVS est de comprendre les besoins d&rsquo;exploitation du client puis d&rsquo;\u00eatre force de propositions, depuis la <strong>conception de l&rsquo;architecture syst\u00e8me<\/strong> jusqu&rsquo;aux choix des <strong>solutions technologiques<\/strong> \u00e0 mettre en oeuvre.\u00a0Les architectures con\u00e7ues et propos\u00e9es sont <strong>adapt\u00e9es aux contraintes<\/strong> d&rsquo;exploitation et de maintenance.\u00a0L&rsquo;<strong>expertise et la veille technologique<\/strong> exerc\u00e9es en permanence par nos ing\u00e9nieurs permettent de ma\u00eetriser les nouvelles solutions du march\u00e9.<\/p>\n<p>&nbsp;<\/p>\n[\/spb_icon_box] [spb_icon_box title=\u00a0\u00bbL&rsquo;ing\u00e9nierie : la ma\u00eetrise technologique\u00a0\u00bb box_type=\u00a0\u00bbanimated\u00a0\u00bb image=\u00a0\u00bbfa-gears\u00a0\u00bb color=\u00a0\u00bbstandard\u00a0\u00bb target=\u00a0\u00bb_self\u00a0\u00bb animation=\u00a0\u00bbnone\u00a0\u00bb animation_delay=\u00a0\u00bb0&Prime; width=\u00a0\u00bb1\/2&Prime; el_position=\u00a0\u00bbfirst\u00a0\u00bb]\n<p>L&rsquo;\u00e9quipe d&rsquo;<em>Ing\u00e9nieurs Projets<\/em> accompagne chaque dossier, depuis sa cr\u00e9ation jusqu&rsquo;\u00e0 la recette finale.<\/p>\n<p>Leurs technicit\u00e9s s&rsquo;appuient sur l&rsquo;exp\u00e9rience et le savoir-faire de CVS.\u00a0Notre bureau d&rsquo;\u00e9tudes \u00e9labore <strong>m\u00e9thodes, synoptiques et plans de r\u00e9alisation<\/strong>. Il propose des <strong>solutions alternatives<\/strong> dans le respect des objectifs vis\u00e9s (budget, planning\u2026).<\/p>\n[\/spb_icon_box] [spb_single_image image=\u00a0\u00bb439&Prime; image_size=\u00a0\u00bbfull\u00a0\u00bb frame=\u00a0\u00bbglowframe\u00a0\u00bb intro_animation=\u00a0\u00bbnone\u00a0\u00bb full_width=\u00a0\u00bbno\u00a0\u00bb lightbox=\u00a0\u00bbyes\u00a0\u00bb link_target=\u00a0\u00bb_self\u00a0\u00bb width=\u00a0\u00bb1\/2&Prime; el_position=\u00a0\u00bblast\u00a0\u00bb] [blank_spacer height=\u00a0\u00bb30px\u00a0\u00bb width=\u00a0\u00bb1\/1&Prime; el_position=\u00a0\u00bbfirst last\u00a0\u00bb] [spb_single_image image=\u00a0\u00bb444&Prime; image_size=\u00a0\u00bbfull\u00a0\u00bb frame=\u00a0\u00bbglowframe\u00a0\u00bb intro_animation=\u00a0\u00bbnone\u00a0\u00bb full_width=\u00a0\u00bbno\u00a0\u00bb lightbox=\u00a0\u00bbyes\u00a0\u00bb link_target=\u00a0\u00bb_self\u00a0\u00bb width=\u00a0\u00bb1\/2&Prime; el_position=\u00a0\u00bbfirst\u00a0\u00bb] [spb_icon_box title=\u00a0\u00bbL&rsquo;int\u00e9gration : l&rsquo;expertise avant tout\u00a0\u00bb box_type=\u00a0\u00bbanimated\u00a0\u00bb image=\u00a0\u00bbss-like\u00a0\u00bb color=\u00a0\u00bbstandard\u00a0\u00bb target=\u00a0\u00bb_self\u00a0\u00bb animation=\u00a0\u00bbnone\u00a0\u00bb animation_delay=\u00a0\u00bb0&Prime; width=\u00a0\u00bb1\/2&Prime; el_position=\u00a0\u00bblast\u00a0\u00bb]\n<p>Nos installations sont r\u00e9alis\u00e9es selon\u00a0<em>Les R\u00e8gles de l&rsquo;Art<\/em> et notre philosophie est celle du <em>Cl\u00e9 en main.<\/em><\/p>\n<p>Nos \u00e9quipes de r\u00e9alisation ont acquis une exp\u00e9rience reconnue dans le domaine audiovisuel Broadcast. Les projets sont r\u00e9alis\u00e9s dans le respect des diff\u00e9rentes phases du planning, la m\u00e9thodologie appliqu\u00e9e garantit <strong>qualit\u00e9 et p\u00e9rennit\u00e9<\/strong> des syst\u00e8mes livr\u00e9s.<\/p>\n<p>Les contr\u00f4les, effectu\u00e9s pendant la recette avec des \u00e9quipements de mesures professionnels (Tektronix, Fluke, Phabrix&#8230;), garantissent le bon fonctionnement des installations.<\/p>\n[\/spb_icon_box] [blank_spacer height=\u00a0\u00bb30px\u00a0\u00bb width=\u00a0\u00bb1\/1&Prime; el_position=\u00a0\u00bbfirst last\u00a0\u00bb] [spb_icon_box title=\u00a0\u00bbLe support apr\u00e8s-vente\u00a0\u00bb box_type=\u00a0\u00bbanimated\u00a0\u00bb image=\u00a0\u00bbss-phone\u00a0\u00bb color=\u00a0\u00bbstandard\u00a0\u00bb target=\u00a0\u00bb_self\u00a0\u00bb animation=\u00a0\u00bbnone\u00a0\u00bb animation_delay=\u00a0\u00bb0&Prime; width=\u00a0\u00bb1\/1&Prime; el_position=\u00a0\u00bbfirst last\u00a0\u00bb]\n<p>CVS <strong>accompagne ses clients<\/strong> \u00e9galement apr\u00e8s la r\u00e9alisation et la recette des syst\u00e8mes install\u00e9s. Sous forme de <strong>contrat annuel ou ponctuel<\/strong>, CVS propose ses services de <strong>maintenance<\/strong>, pr\u00e9ventive ou curative.<\/p>\n[\/spb_icon_box]\n","protected":false},"excerpt":{"rendered":"<p>[spb_icon_box title=\u00a0\u00bbNos savoir-faire diff\u00e9renciateurs\u00a0\u00bb box_type=\u00a0\u00bbanimated\u00a0\u00bb image=\u00a0\u00bbss-key\u00a0\u00bb color=\u00a0\u00bbstandard\u00a0\u00bb target=\u00a0\u00bb_self\u00a0\u00bb animation=\u00a0\u00bbnone\u00a0\u00bb animation_delay=\u00a0\u00bb0&Prime; width=\u00a0\u00bb1\/2&Prime; el_position=\u00a0\u00bbfirst\u00a0\u00bb] CVS\u00a0con\u00e7oit et int\u00e8gre des syst\u00e8mes Cl\u00e9 en main qui\u00a0respectent un juste \u00e9quilibre entre les imp\u00e9ratifs financiers et les contraintes techniques technologiques. Pour atteindre ces objectifs, CVS Ing\u00e9nierie et Int\u00e9gration Audiovisuelles a d\u00e9velopp\u00e9 une m\u00e9thodologie li\u00e9e au m\u00e9tier d&rsquo;Int\u00e9grateur. Les moyens adapt\u00e9s mis en oeuvre s&rsquo;appliquent aux nouvelles technologies [&hellip;]<\/p>\n","protected":false},"author":1,"featured_media":0,"parent":0,"menu_order":0,"comment_status":"closed","ping_status":"closed","template":"","meta":{"sfsi_plus_gutenberg_text_before_share":"","sfsi_plus_gutenberg_show_text_before_share":"","sfsi_plus_gutenberg_icon_type":"","sfsi_plus_gutenberg_icon_alignemt":"","sfsi_plus_gutenburg_max_per_row":""},"_links":{"self":[{"href":"https:\/\/www.cvs.fr\/index.php\/wp-json\/wp\/v2\/pages\/26"}],"collection":[{"href":"https:\/\/www.cvs.fr\/index.php\/wp-json\/wp\/v2\/pages"}],"about":[{"href":"https:\/\/www.cvs.fr\/index.php\/wp-json\/wp\/v2\/types\/page"}],"author":[{"embeddable":true,"href":"https:\/\/www.cvs.fr\/index.php\/wp-json\/wp\/v2\/users\/1"}],"replies":[{"embeddable":true,"href":"https:\/\/www.cvs.fr\/index.php\/wp-json\/wp\/v2\/comments?post=26"}],"version-history":[{"count":70,"href":"https:\/\/www.cvs.fr\/index.php\/wp-json\/wp\/v2\/pages\/26\/revisions"}],"predecessor-version":[{"id":445,"href":"https:\/\/www.cvs.fr\/index.php\/wp-json\/wp\/v2\/pages\/26\/revisions\/445"}],"wp:attachment":[{"href":"https:\/\/www.cvs.fr\/index.php\/wp-json\/wp\/v2\/media?parent=26"}],"curies":[{"name":"wp","href":"https:\/\/api.w.org\/{rel}","templated":true}]}}